{"id":49,"date":"2021-03-28T15:27:34","date_gmt":"2021-03-28T13:27:34","guid":{"rendered":"http:\/\/parafiazalesie.org\/?page_id=49"},"modified":"2021-03-28T15:27:34","modified_gmt":"2021-03-28T13:27:34","slug":"pogrzeb","status":"publish","type":"page","link":"https:\/\/parafiazalesie.org\/index.php\/pogrzeb\/","title":{"rendered":"Pogrzeb"},"content":{"rendered":"\r\n<h3 style=\"text-align: justify;\">Przebieg uroczysto\u015bci:<\/h3>\r\n<ul>\r\n\t<li style=\"text-align: justify;\">Aby dokona\u0107 formalno\u015bci zwi\u0105zanych z pogrzebem, nale\u017cy zg\u0142osi\u0107 si\u0119 do kancelarii parafialnej z <strong>aktem zgonu<\/strong>\u00a0osoby zmar\u0142ej.<\/li>\r\n\t<li style=\"text-align: justify;\">W kancelarii ustala si\u0119 dat\u0119 i godzin\u0119 Mszy \u015bw. \u017ca\u0142obnej.<\/li>\r\n\t<li style=\"text-align: justify;\">Najcz\u0119\u015bciej cia\u0142o zmar\u0142ego przywozi si\u0119 do ko\u015bcio\u0142a na p\u00f3\u0142 godziny przed Msz\u0105 \u015bw. Najbli\u017csi i uczestnicy pogrzebu odmawiaj\u0105 w\u00f3wczas r\u00f3\u017caniec.<\/li>\r\n\t<li style=\"text-align: justify;\">Po zako\u0144czonej Mszy \u015bw. cia\u0142o zmar\u0142ego odprowadzane jest do samochodu &#8211; karawanu i transportowane na cmentarz komunalny.<\/li>\r\n\t<li style=\"text-align: justify;\">Kondukt pogrzebowy ustawia si\u0119 przed ko\u015bcio\u0142em i st\u0105d rusza do miejsca pochowania cia\u0142a zmar\u0142ego.<\/li>\r\n<\/ul>\r\n<h3>Odpusty za zmar\u0142ych:<\/h3>\r\n<p style=\"text-align: justify;\">Przypominamy, \u017ce za zmar\u0142ych mo\u017cemy zyskiwa\u0107 <strong>odpusty<\/strong>, czyli <strong>darowanie wobec Boga kary doczesnej za grzechy odpuszczone ju\u017c co do winy<\/strong> (Kodeks Prawa Kanonicznego Kan. 992).<\/p>\r\n<ul>\r\n\t<li style=\"text-align: justify;\">Odpusty otrzymuje wierny, odpowiednio przygotowany i po wype\u0142nieniu pewnych okre\u015blonych warunk\u00f3w, przez dzia\u0142anie Ko\u015bcio\u0142a, kt\u00f3ry jako s\u0142uga odkupienia, autorytatywnie rozporz\u0105dza i dysponuje skarbcem zado\u015b\u0107uczynienia Chrystusa i \u015bwi\u0119tych.<\/li>\r\n\t<li style=\"text-align: justify;\">Odpust jest cz\u0105stkowy albo zupe\u0142ny (Kan.993), zale\u017cnie od tego, czy uwalnia od kary doczesnej nale\u017cnej za grzechy w cz\u0119\u015bci lub ca\u0142o\u015bci.<\/li>\r\n\t<li style=\"text-align: justify;\">Ka\u017cdy wierny mo\u017ce zyskiwa\u0107 odpusty albo dla siebie, albo ofiarowywa\u0107 za zmar\u0142ych na spos\u00f3b wstawiennictwa (Kan. 994).<\/li>\r\n\t<li style=\"text-align: justify;\">Ten tylko jest zdolny do uzyskania odpustu, kto zosta\u0142 ochrzczony, nie jest ekskomunikowany i znajduje si\u0119 w stanie \u0142aski, przynajmniej pod koniec wype\u0142niania przepisanych czynno\u015bci (Kan.996 \u00a71). Aby kto\u015b zdolny do uzyskania odpust\u00f3w rzeczywi\u015bcie je uzyska\u0142, powinien mie\u0107 przynajmniej intencj\u0119 zyskania odpustu oraz wype\u0142ni\u0107 w okre\u015blonym czasie i we w\u0142a\u015bciwy spos\u00f3b nakazane czynno\u015bci (Kan. 996 \u00a72).<\/li>\r\n\t<li style=\"text-align: justify;\"><strong>Odpust mo\u017cna zyska\u0107 codziennie tylko jeden i tylko za siebie lub za jedn\u0105 dusz\u0119 zmar\u0142ego. Nie mo\u017cna uzyska\u0107 odpustu za kogo\u015b \u017cyj\u0105cego.<\/strong><\/li>\r\n<\/ul>\r\n<h3>Odpusty zupe\u0142ne, kt\u00f3re mo\u017cna zyskiwa\u0107 codziennie:<\/h3>\r\n<ul>\r\n\t<li style=\"text-align: justify;\"><strong>Za odprawienie Adoracji Naj\u015bwi\u0119tszego Sakramentu<\/strong> przez p\u00f3\u0142 godziny. Spos\u00f3b Adoracji nie jest okre\u015blony ani nie ma warunku, by Naj\u015bwi\u0119tszy Sakrament by\u0142 wystawiony.<\/li>\r\n\t<li style=\"text-align: justify;\"><strong>Za pobo\u017cne czytanie Pisma \u015bwi\u0119tego<\/strong> przez p\u00f3\u0142 godziny z nale\u017cytym szacunkiem dla S\u0142owa Bo\u017cego i traktowanie tej czynno\u015bci jako czytanie duchowne.<\/li>\r\n\t<li style=\"text-align: justify;\">Z<strong>a odprawienie Drogi Krzy\u017cowej<\/strong> pod nast\u0119puj\u0105cymi warunkami: odprawi\u0107 Drog\u0119 Krzy\u017cow\u0105 w miejscu, gdzie jest ona prawnie ustanowiona; trzeba rozmy\u015bla\u0107 M\u0119k\u0119 Pana Jezusa (nie ma konieczno\u015bci, by tre\u015bci\u0105 rozmy\u015blania by\u0142y poszczeg\u00f3lne stacje); trzeba przechodzi\u0107 od jednej stacji do drugiej; je\u015bli Drog\u0119 Krzy\u017cow\u0105 odprawia si\u0119 publicznie i trudno wszystkim obecnym przechodzi\u0107 do stacji, bez wywo\u0142ywania zamieszania, wystarczy, gdy do stacji przechodzi przewodnicz\u0105cy, a inni wierni pozostaj\u0105 na swoim miejscu (nie ma obowi\u0105zku powstawania i kl\u0119kania przy ka\u017cdej stacji); Kto w ten spos\u00f3b z powodu s\u0142usznej przeszkody: choroby, podr\u00f3\u017cy, zamkni\u0119cia Ko\u015bcio\u0142a itp. nie mo\u017ce odprawi\u0107 Drogi Krzy\u017cowej wed\u0142ug podanych warunk\u00f3w, zyska odpust zupe\u0142ny, je\u017celi przez przynajmniej p\u00f3\u0142 godziny odda si\u0119 pobo\u017cnemu czytaniu lub rozwa\u017caniu M\u0119ki Pana Jezusa.<\/li>\r\n\t<li style=\"text-align: justify;\"><strong>Za odm\u00f3wienie cz\u0105stki R\u00f3\u017ca\u0144ca<\/strong> (5 dziesi\u0105tk\u00f3w) w ko\u015bciele, w kaplicy, w rodzinie, w spo\u0142eczno\u015bci zakonnej, w stowarzyszeniu pobo\u017cnym. Nale\u017cy odm\u00f3wi\u0107 te 5 dziesi\u0105tk\u00f3w bez przerwy; do modlitwy ustnej trzeba doda\u0107 rozmy\u015blanie odmawianych tajemnic; przy publicznym odmawianiu nale\u017cy zapowiada\u0107 poszczeg\u00f3lne tajemnice.<\/li>\r\n<\/ul>\r\n<h3>Odpusty cz\u0105stkowe:<\/h3>\r\n<ul>\r\n\t<li style=\"text-align: justify;\">Wierny dost\u0119puje odpustu cz\u0105stkowego, je\u017celi w czasie spe\u0142niania swoich obowi\u0105zk\u00f3w i w trudach \u017cycia, <strong>wznosi my\u015bl do Boga<\/strong> z pokorn\u0105 ufno\u015bci\u0105, dodaj\u0105c jaki\u015b <strong>akt strzelisty<\/strong>, chocia\u017cby tylko w my\u015bli. Np. Jezu ufam Tobie! ; Bo\u017ce ratuj! ; Maryjo pom\u00f3\u017c! ; \u015aw. Faustyno m\u00f3dl si\u0119 za nami!<\/li>\r\n\t<li style=\"text-align: justify;\">\u00a0Wierny dost\u0119puje odpustu cz\u0105stkowego, je\u017celi <strong>powodowany motywem wiary, przyjdzie z pomoc\u0105<\/strong> potrzebuj\u0105cym wsp\u00f3\u0142braciom, pomagaj\u0105c im osobi\u015bcie albo ze swoich d\u00f3br. S\u0105 obdarzone odpustem cz\u0105stkowym wszystkie <strong>uczynki mi\u0142osierne<\/strong> wzgl\u0119dem duszy i cia\u0142a. Nie mo\u017ce by\u0107 to jednak z powodu wsp\u00f3\u0142czucia, ch\u0119ci uwolnienia si\u0119 od natr\u0119ctwa, zdobycia uznania itp. oraz bli\u017ani potrzebuje faktycznie pomocy.<\/li>\r\n\t<li style=\"text-align: justify;\">Wierny dost\u0119puje odpustu cz\u0105stkowego, gdy w <strong>duchu pokuty powstrzymuje si\u0119 od rzeczy godziwej a sobie przyjemnej<\/strong>. Warunkiem uzyskania tego odpustu jest<strong> odm\u00f3wienie sobie czego\u015b<\/strong>, co jest dla danej osoby przyjemne, a co samo w sobie jest godziwe albo przynajmniej oboj\u0119tne pod wzgl\u0119dem moralnym. Konieczna jest tu <strong>intencja<\/strong> &#8211; ch\u0119\u0107 chrze\u015bcija\u0144skiego umartwienia si\u0119. Np. odm\u00f3wienie sobie s\u0142odyczy, pokarmu, telewizji, itp.<\/li>\r\n\t<li style=\"text-align: justify;\">Wierny dost\u0119puje odpustu cz\u0105stkowego za <strong>nawiedzenie Naj\u015bwi\u0119tszego Sakramentu<\/strong>. (kr\u00f3tka modlitwa w ko\u015bciele)<\/li>\r\n\t<li style=\"text-align: justify;\">Wierny dost\u0119puje odpustu cz\u0105stkowego za ka\u017cdym razem gdy<strong> czyta Pismo \u015bwi\u0119te<\/strong> mniej ni\u017c p\u00f3\u0142 godziny.<\/li>\r\n\t<li style=\"text-align: justify;\"><strong>Ponadto odpust cz\u0105stkowy mo\u017cna zyska\u0107 za<\/strong>: wzbudzenie w sobie Akt\u00f3w wiary, nadziei i mi\u0142o\u015bci (Wierz\u0119 w Ciebie Bo\u017ce \u017cywy&#8230;; Ufam Tobie, bo\u015b Ty wierny&#8230;; Bo\u017ce cho\u0107 Ci\u0119 nie pojmuj\u0119&#8230; ); przyj\u0119cie Komunii \u015awi\u0119tej Duchowej; uczenie si\u0119 albo nauczanie Katechizmu; uczestnictwo w publicznie odprawianych Nowennach przed Bo\u017cym Narodzeniem, Zes\u0142aniem Ducha \u015awi\u0119tego, Niepokalanym Pocz\u0119ciem NMP; odprawianie rozmy\u015blania; prze\u017cegnanie si\u0119 z wym\u00f3wieniem towarzysz\u0105cych temu s\u0142\u00f3w; odm\u00f3wienie Anio\u0142 Pa\u0144ski a w czasie Wielkanocnym Kr\u00f3lowo Nieba ; odm\u00f3wienie Duszo Chrystusowa, Wierz\u0119 w Boga, Psalmu 129, Litanii zatwierdzonej dla ca\u0142ego Ko\u015bcio\u0142a, Wieczny odpoczynek, Witaj Kr\u00f3lowo, Pod Twoj\u0105 obron\u0119, O Stworzycielu Duchu przyjd\u017a, Pomnij &#8211; modlitwa \u015bw. Bernarda.<\/li>\r\n<\/ul>\r\n","protected":false},"excerpt":{"rendered":"<p>Przebieg uroczysto\u015bci: Aby dokona\u0107 formalno\u015bci zwi\u0105zanych z pogrzebem, nale\u017cy zg\u0142osi\u0107 si\u0119 do kancelarii parafialnej z aktem zgonu\u00a0osoby zmar\u0142ej. W kancelarii ustala si\u0119 dat\u0119 i godzin\u0119 Mszy \u015bw. \u017ca\u0142obnej. Najcz\u0119\u015bciej cia\u0142o zmar\u0142ego przywozi si\u0119 do ko\u015bcio\u0142a na p\u00f3\u0142 godziny przed Msz\u0105 \u015bw. Najbli\u017csi i uczestnicy pogrzebu odmawiaj\u0105 w\u00f3wczas r\u00f3\u017caniec. Po zako\u0144czonej Mszy \u015bw. cia\u0142o zmar\u0142ego odprowadzane <a class=\"read-more\" href=\"https:\/\/parafiazalesie.org\/index.php\/pogrzeb\/\"><\/p>\n<p>Zobacz wi\u0119cej<\/a><\/p>\n","protected":false},"author":1,"featured_media":0,"parent":0,"menu_order":0,"comment_status":"closed","ping_status":"closed","template":"","meta":{"ngg_post_thumbnail":0,"footnotes":""},"class_list":["post-49","page","type-page","status-publish","hentry"],"_links":{"self":[{"href":"https:\/\/parafiazalesie.org\/index.php\/wp-json\/wp\/v2\/pages\/49","targetHints":{"allow":["GET"]}}],"collection":[{"href":"https:\/\/parafiazalesie.org\/index.php\/wp-json\/wp\/v2\/pages"}],"about":[{"href":"https:\/\/parafiazalesie.org\/index.php\/wp-json\/wp\/v2\/types\/page"}],"author":[{"embeddable":true,"href":"https:\/\/parafiazalesie.org\/index.php\/wp-json\/wp\/v2\/users\/1"}],"replies":[{"embeddable":true,"href":"https:\/\/parafiazalesie.org\/index.php\/wp-json\/wp\/v2\/comments?post=49"}],"version-history":[{"count":0,"href":"https:\/\/parafiazalesie.org\/index.php\/wp-json\/wp\/v2\/pages\/49\/revisions"}],"wp:attachment":[{"href":"https:\/\/parafiazalesie.org\/index.php\/wp-json\/wp\/v2\/media?parent=49"}],"curies":[{"name":"wp","href":"https:\/\/api.w.org\/{rel}","templated":true}]}}