{"id":47,"date":"2021-03-28T15:26:54","date_gmt":"2021-03-28T13:26:54","guid":{"rendered":"http:\/\/parafiazalesie.org\/?page_id=47"},"modified":"2021-03-28T15:26:54","modified_gmt":"2021-03-28T13:26:54","slug":"namaszczenie-chorych","status":"publish","type":"page","link":"https:\/\/parafiazalesie.org\/index.php\/namaszczenie-chorych\/","title":{"rendered":"Namaszczenie chorych"},"content":{"rendered":"\r\n<h3 style=\"text-align: justify;\">Kto i kiedy mo\u017ce uzyska\u0107 namaszczenie?<\/h3>\r\n<ul>\r\n\t<li style=\"text-align: justify;\">Gdy chrze\u015bcijanin zostaje dotkni\u0119ty <strong>ci\u0119\u017ck\u0105 chorob\u0105<\/strong>, mo\u017ce otrzyma\u0107 \u015bwi\u0119te namaszczenie, przez kt\u00f3re sam Chrystus pokrzepia chorego swoj\u0105 \u0142ask\u0105.<\/li>\r\n\t<li style=\"text-align: justify;\">Sakramentu namaszczenia udzielamy uroczy\u015bcie <strong>z okazji Dnia Chorego<\/strong> oraz na <strong>ka\u017cde indywidualne wezwanie<\/strong>.<\/li>\r\n\t<li style=\"text-align: justify;\">Sakramentu namaszczenia chorych, zgodnie z Kodeksem Prawa Kanonicznego udziela si\u0119 <strong>wiernym znajduj\u0105cym si\u0119 w niebezpiecze\u0144stwie \u015bmierci na skutek choroby lub staro\u015bci<\/strong>. Mo\u017cna ten sakrament powtarza\u0107 tyle razy, ile sytuacja chorego b\u0119dzie wymaga\u0142a, zw\u0142aszcza, je\u015bli jego stan pogarsza si\u0119.<\/li>\r\n\t<li style=\"text-align: justify;\">Nie wolno udziela\u0107 sakramentu namaszczenia chorym, kt\u00f3rzy uparcie trwaj\u0105 w jawnym grzechu ci\u0119\u017ckim.<\/li>\r\n\t<li style=\"text-align: justify;\"><span style=\"text-decoration: underline;\">Ponadto w ka\u017cd\u0105 <strong>pierwsz\u0105 sobot\u0119 miesi\u0105ca<\/strong> od godziny 9:00 uprzednio zg\u0142oszeni chorzy maj\u0105 mo\u017cliwo\u015b\u0107 spowiedzi i przyj\u0119cia Komunii \u015bw. u siebie w domu.<\/span><\/li>\r\n<\/ul>\r\n","protected":false},"excerpt":{"rendered":"<p>Kto i kiedy mo\u017ce uzyska\u0107 namaszczenie? Gdy chrze\u015bcijanin zostaje dotkni\u0119ty ci\u0119\u017ck\u0105 chorob\u0105, mo\u017ce otrzyma\u0107 \u015bwi\u0119te namaszczenie, przez kt\u00f3re sam Chrystus pokrzepia chorego swoj\u0105 \u0142ask\u0105. Sakramentu namaszczenia udzielamy uroczy\u015bcie z okazji Dnia Chorego oraz na ka\u017cde indywidualne wezwanie. Sakramentu namaszczenia chorych, zgodnie z Kodeksem Prawa Kanonicznego udziela si\u0119 wiernym znajduj\u0105cym si\u0119 w niebezpiecze\u0144stwie \u015bmierci na skutek <a class=\"read-more\" href=\"https:\/\/parafiazalesie.org\/index.php\/namaszczenie-chorych\/\"><\/p>\n<p>Zobacz wi\u0119cej<\/a><\/p>\n","protected":false},"author":1,"featured_media":0,"parent":0,"menu_order":0,"comment_status":"closed","ping_status":"closed","template":"","meta":{"ngg_post_thumbnail":0,"footnotes":""},"class_list":["post-47","page","type-page","status-publish","hentry"],"_links":{"self":[{"href":"https:\/\/parafiazalesie.org\/index.php\/wp-json\/wp\/v2\/pages\/47","targetHints":{"allow":["GET"]}}],"collection":[{"href":"https:\/\/parafiazalesie.org\/index.php\/wp-json\/wp\/v2\/pages"}],"about":[{"href":"https:\/\/parafiazalesie.org\/index.php\/wp-json\/wp\/v2\/types\/page"}],"author":[{"embeddable":true,"href":"https:\/\/parafiazalesie.org\/index.php\/wp-json\/wp\/v2\/users\/1"}],"replies":[{"embeddable":true,"href":"https:\/\/parafiazalesie.org\/index.php\/wp-json\/wp\/v2\/comments?post=47"}],"version-history":[{"count":0,"href":"https:\/\/parafiazalesie.org\/index.php\/wp-json\/wp\/v2\/pages\/47\/revisions"}],"wp:attachment":[{"href":"https:\/\/parafiazalesie.org\/index.php\/wp-json\/wp\/v2\/media?parent=47"}],"curies":[{"name":"wp","href":"https:\/\/api.w.org\/{rel}","templated":true}]}}