{"id":45,"date":"2021-03-28T15:26:24","date_gmt":"2021-03-28T13:26:24","guid":{"rendered":"http:\/\/parafiazalesie.org\/?page_id=45"},"modified":"2021-03-28T15:26:24","modified_gmt":"2021-03-28T13:26:24","slug":"malzenstwo","status":"publish","type":"page","link":"https:\/\/parafiazalesie.org\/index.php\/malzenstwo\/","title":{"rendered":"Ma\u0142\u017ce\u0144stwo"},"content":{"rendered":"\r\n<h3 style=\"text-align: justify;\">Termin zg\u0142oszenia:<\/h3>\r\n<p style=\"text-align: justify;\">Narzeczeni, kt\u00f3rzy planuj\u0105 przyj\u0119cie sakramentu ma\u0142\u017ce\u0144stwa maj\u0105 obowi\u0105zek zg\u0142osi\u0107 si\u0119 do kancelarii parafialnej na<strong> 3 miesi\u0105ce<\/strong> przed dat\u0105 \u015blubu celem spisania protoko\u0142u przedma\u0142\u017ce\u0144skiego.<\/p>\r\n<h3 style=\"text-align: justify;\">Wymagane dokumenty:<\/h3>\r\n<ul>\r\n\t<li style=\"text-align: justify;\">\u015bwiadectwo chrztu (wa\u017cne jest p\u00f3\u0142 roku od daty jego wystawienia);<\/li>\r\n\t<li style=\"text-align: justify;\">\u015bwiadectwo katechizacji przedma\u0142\u017ce\u0144skiej;<\/li>\r\n\t<li style=\"text-align: justify;\">\u00a0za\u015bwiadczenie katechizacji przed\u015blubnej (3 spotkania, 1 raz w miesi\u0105cu);<\/li>\r\n\t<li style=\"text-align: justify;\">indeks formacji m\u0142odzie\u017cy lub \u015bwiadectwa uczestnictwa w katechizacji szkolnej;<\/li>\r\n\t<li style=\"text-align: justify;\">dowody osobiste.<\/li>\r\n<\/ul>\r\n<p><span style=\"text-decoration: underline;\">Powy\u017csze dokumenty potrzebne b\u0119d\u0105 podczas spisywania protoko\u0142u przedma\u0142\u017ce\u0144skiego.<\/span> O innych koniecznych dokumentach, narzeczeni zostan\u0105 poinformowani podczas spotkania w kancelarii.<\/p>\r\n<h3>Czym jest ma\u0142\u017ce\u0144stwo?<\/h3>\r\n<p><strong>B\u00f3g, kt\u00f3ry jest mi\u0142o\u015bci\u0105 i stworzy\u0142 cz\u0142owieka z mi\u0142o\u015bci, powo\u0142a\u0142 go tak\u017ce do mi\u0142o\u015bci.<\/strong> Stwarzaj\u0105c m\u0119\u017cczyzn\u0119 i kobiet\u0119, powo\u0142a\u0142 ich w ma\u0142\u017ce\u0144stwie do g\u0142\u0119bokiej wsp\u00f3lnoty \u017cycia i mi\u0142o\u015bci, tak, \u017ce &#8222;ju\u017c nie s\u0105 dwoje, lecz jedno cia\u0142o&#8221; (Mt 19,6). B\u0142ogos\u0142awi\u0105c im, B\u00f3g powiedzia\u0142: &#8222;B\u0105d\u017acie p\u0142odni i rozmna\u017cajcie si\u0119&#8221; (Rdz 1,28).<\/p>\r\n<p style=\"text-align: justify;\"><strong>Przymierze ma\u0142\u017ce\u0144skie m\u0119\u017cczyzny i kobiety<\/strong> zosta\u0142o ustanowione przez Stw\u00f3rc\u0119 i wyposa\u017cone we w\u0142asne prawa. Z natury jest ono nastawione na dobro ma\u0142\u017conk\u00f3w, a tak\u017ce na zrodzenie i wychowanie potomstwa. Przymierze ma\u0142\u017ce\u0144skie jest wed\u0142ug pierwotnego zamys\u0142u Boga nierozerwalne, jak sam o\u015bwiadcza Jezus Chrystus: &#8222;Co wi\u0119c B\u00f3g z\u0142\u0105czy\u0142, tego cz\u0142owiek niech nie rozdziela&#8221; (Mk 10,9).<\/p>\r\n<p style=\"text-align: justify;\">Z powodu grzechu pierworodnego, kt\u00f3rego skutkiem by\u0142o zerwanie pierwotnej komunii m\u0119\u017cczyzny i kobiety, danej przez Boga, zwi\u0105zek ma\u0142\u017ce\u0144ski jest cz\u0119sto zagro\u017cony niezgod\u0105 i niewierno\u015bci\u0105. Jednak\u017ce B\u00f3g w swoim niesko\u0144czonym mi\u0142osierdziu nie odmawia m\u0119\u017cczy\u017anie i kobiecie swej \u0142aski, aby mogli urzeczywistni\u0107 jedno\u015b\u0107 ich \u017cycia wed\u0142ug pierwotnego zamys\u0142u Bo\u017cego.<\/p>\r\n<p style=\"text-align: justify;\">Jezus Chrystus przywr\u00f3ci\u0142 pierwotny porz\u0105dek zamierzony przez Boga i daje \u0142ask\u0119 do prze\u017cywania ma\u0142\u017ce\u0144stwa w nowym &#8211; <strong>sakramentalnym wymiarze<\/strong>, kt\u00f3re jest znakiem Jego oblubie\u0144czej mi\u0142o\u015bci do Ko\u015bcio\u0142a: &#8222;M\u0119\u017cowie mi\u0142ujcie \u017cony, bo i Chrystus umi\u0142owa\u0142 sw\u00f3j Ko\u015bci\u00f3\u0142&#8221; (Ef 5,25)<\/p>\r\n<p style=\"text-align: justify;\"><strong>Zgoda ma\u0142\u017ce\u0144ska (przysi\u0119ga)<\/strong> jest wyra\u017ceniem przez m\u0119\u017cczyzn\u0119 i kobiet\u0119 woli do wzajemnego i trwa\u0142ego oddania si\u0119, w celu \u017cycia w przymierzu wiernej i p\u0142odnej mi\u0142o\u015bci. Poniewa\u017c zgoda &#8222;stwarza ma\u0142\u017ce\u0144stwo&#8221;, jest ona <strong>nieodzowna i niezast\u0105piona.<\/strong> Aby ma\u0142\u017ce\u0144stwo by\u0142o wa\u017cne, zgoda musi mie\u0107 za przedmiot prawdziwe ma\u0142\u017ce\u0144stwo, by\u0107 aktem ludzkim, \u015bwiadomym i wolnym, podj\u0119tym nie pod przemoc\u0105 czy przymusem.<\/p>\r\n<p style=\"text-align: justify;\"><strong>Sakrament ma\u0142\u017ce\u0144stwa<\/strong> rodzi mi\u0119dzy ma\u0142\u017conkami w\u0119ze\u0142 wieczysty i wy\u0142\u0105czny. Zgoda, przez kt\u00f3r\u0105 ma\u0142\u017conkowie oddaj\u0105 si\u0119 sobie i przyjmuj\u0105 wzajemnie, zostaje przypiecz\u0119towana przez samego Boga. <strong>Dlatego zawarte i dope\u0142nione ma\u0142\u017ce\u0144stwo os\u00f3b ochrzczonych nie mo\u017ce by\u0107 nigdy rozwi\u0105zane.<\/strong> Ponadto sakrament ten udziela ma\u0142\u017conkom koniecznej \u0142aski do osi\u0105gni\u0119cia w \u017cyciu ma\u0142\u017ce\u0144skim \u015bwi\u0119to\u015bci oraz odpowiedzialnego przyj\u0119cia dzieci i ich wychowania.<\/p>\r\n","protected":false},"excerpt":{"rendered":"<p>Termin zg\u0142oszenia: Narzeczeni, kt\u00f3rzy planuj\u0105 przyj\u0119cie sakramentu ma\u0142\u017ce\u0144stwa maj\u0105 obowi\u0105zek zg\u0142osi\u0107 si\u0119 do kancelarii parafialnej na 3 miesi\u0105ce przed dat\u0105 \u015blubu celem spisania protoko\u0142u przedma\u0142\u017ce\u0144skiego. Wymagane dokumenty: \u015bwiadectwo chrztu (wa\u017cne jest p\u00f3\u0142 roku od daty jego wystawienia); \u015bwiadectwo katechizacji przedma\u0142\u017ce\u0144skiej; \u00a0za\u015bwiadczenie katechizacji przed\u015blubnej (3 spotkania, 1 raz w miesi\u0105cu); indeks formacji m\u0142odzie\u017cy lub \u015bwiadectwa uczestnictwa <a class=\"read-more\" href=\"https:\/\/parafiazalesie.org\/index.php\/malzenstwo\/\"><\/p>\n<p>Zobacz wi\u0119cej<\/a><\/p>\n","protected":false},"author":1,"featured_media":0,"parent":0,"menu_order":0,"comment_status":"closed","ping_status":"closed","template":"","meta":{"ngg_post_thumbnail":0,"footnotes":""},"class_list":["post-45","page","type-page","status-publish","hentry"],"_links":{"self":[{"href":"https:\/\/parafiazalesie.org\/index.php\/wp-json\/wp\/v2\/pages\/45","targetHints":{"allow":["GET"]}}],"collection":[{"href":"https:\/\/parafiazalesie.org\/index.php\/wp-json\/wp\/v2\/pages"}],"about":[{"href":"https:\/\/parafiazalesie.org\/index.php\/wp-json\/wp\/v2\/types\/page"}],"author":[{"embeddable":true,"href":"https:\/\/parafiazalesie.org\/index.php\/wp-json\/wp\/v2\/users\/1"}],"replies":[{"embeddable":true,"href":"https:\/\/parafiazalesie.org\/index.php\/wp-json\/wp\/v2\/comments?post=45"}],"version-history":[{"count":0,"href":"https:\/\/parafiazalesie.org\/index.php\/wp-json\/wp\/v2\/pages\/45\/revisions"}],"wp:attachment":[{"href":"https:\/\/parafiazalesie.org\/index.php\/wp-json\/wp\/v2\/media?parent=45"}],"curies":[{"name":"wp","href":"https:\/\/api.w.org\/{rel}","templated":true}]}}