{"id":39,"date":"2021-03-28T15:24:14","date_gmt":"2021-03-28T13:24:14","guid":{"rendered":"http:\/\/parafiazalesie.org\/?page_id=39"},"modified":"2025-09-19T07:41:30","modified_gmt":"2025-09-19T05:41:30","slug":"kontakt","status":"publish","type":"page","link":"https:\/\/parafiazalesie.org\/index.php\/kontakt\/","title":{"rendered":"Kontakt"},"content":{"rendered":"<h3 style=\"text-align: center;\"><strong>Parafia rzymsko-katolicka p.w. Wniebowzi\u0119cia NMP <\/strong><\/h3>\r\n<h3 style=\"text-align: center;\"><strong>Rzesz\u00f3w &#8211; Zalesie<\/strong><\/h3>\r\n<p style=\"text-align: center;\">ul. Zelwerowicza 2, 35 &#8211; 601 Rzesz\u00f3w tel. 17 864 09 25 e mail: <a href=\"mailto:zalesieparafia@gmail.com\">zalesieparafia@gmail.com<\/a>&nbsp;<\/p>\r\n<h3 style=\"text-align: center;\">Tym, kt\u00f3rzy pragn\u0105 wesprze\u0107 nasz\u0105 parafi\u0119, podajemy numer konta:<\/h3>\r\n<h3 style=\"text-align: center;\"><strong>80 1020 4391 0000 6402 0054 4718<\/strong><\/h3>\r\n<table style=\"border-collapse: collapse; width: 100%;\">\r\n<tbody>\r\n<tr>\r\n<td style=\"width: 50%;\"><a href=\"https:\/\/www.instagram.com\/parafia.rzeszow.zalesie\" target=\"_blank\" rel=\"noopener\"><img loading=\"lazy\" decoding=\"async\" class=\"aligncenter wp-image-1968\" src=\"https:\/\/parafiazalesie.org\/wp-content\/uploads\/2025\/09\/logo-instagram-300x300.avif\" alt=\"\" width=\"45\" height=\"45\" srcset=\"https:\/\/parafiazalesie.org\/wp-content\/uploads\/2025\/09\/logo-instagram-300x300.avif 300w, https:\/\/parafiazalesie.org\/wp-content\/uploads\/2025\/09\/logo-instagram-150x150.avif 150w, https:\/\/parafiazalesie.org\/wp-content\/uploads\/2025\/09\/logo-instagram.avif 740w\" sizes=\"auto, (max-width: 45px) 100vw, 45px\" \/><\/a><\/td>\r\n<td style=\"width: 50%;\"><a href=\"https:\/\/www.tiktok.com\/@rzeszw.zalesie.pa\/\" target=\"_blank\" rel=\"noopener\"><img loading=\"lazy\" decoding=\"async\" class=\"aligncenter wp-image-1967\" style=\"font-style: inherit;\" src=\"https:\/\/parafiazalesie.org\/wp-content\/uploads\/2025\/09\/tiktok.png\" alt=\"\" width=\"45\" height=\"45\" srcset=\"https:\/\/parafiazalesie.org\/wp-content\/uploads\/2025\/09\/tiktok.png 256w, https:\/\/parafiazalesie.org\/wp-content\/uploads\/2025\/09\/tiktok-150x150.png 150w\" sizes=\"auto, (max-width: 45px) 100vw, 45px\" \/><\/a><\/td>\r\n<\/tr>\r\n<\/tbody>\r\n<\/table>\r\n<p>&nbsp;<\/p>\r\n<p><\/p><!-- \/wp:post-content -->","protected":false},"excerpt":{"rendered":"<p>Parafia rzymsko-katolicka p.w. Wniebowzi\u0119cia NMP Rzesz\u00f3w &#8211; Zalesie ul. Zelwerowicza 2, 35 &#8211; 601 Rzesz\u00f3w tel. 17 864 09 25 e mail: zalesieparafia@gmail.com&nbsp; Tym, kt\u00f3rzy pragn\u0105 wesprze\u0107 nasz\u0105 parafi\u0119, podajemy numer konta: 80 1020 4391 0000 6402 0054 4718 &nbsp;<\/p>\n","protected":false},"author":1,"featured_media":0,"parent":0,"menu_order":0,"comment_status":"closed","ping_status":"closed","template":"","meta":{"ngg_post_thumbnail":0,"footnotes":""},"class_list":["post-39","page","type-page","status-publish","hentry"],"_links":{"self":[{"href":"https:\/\/parafiazalesie.org\/index.php\/wp-json\/wp\/v2\/pages\/39","targetHints":{"allow":["GET"]}}],"collection":[{"href":"https:\/\/parafiazalesie.org\/index.php\/wp-json\/wp\/v2\/pages"}],"about":[{"href":"https:\/\/parafiazalesie.org\/index.php\/wp-json\/wp\/v2\/types\/page"}],"author":[{"embeddable":true,"href":"https:\/\/parafiazalesie.org\/index.php\/wp-json\/wp\/v2\/users\/1"}],"replies":[{"embeddable":true,"href":"https:\/\/parafiazalesie.org\/index.php\/wp-json\/wp\/v2\/comments?post=39"}],"version-history":[{"count":7,"href":"https:\/\/parafiazalesie.org\/index.php\/wp-json\/wp\/v2\/pages\/39\/revisions"}],"predecessor-version":[{"id":1972,"href":"https:\/\/parafiazalesie.org\/index.php\/wp-json\/wp\/v2\/pages\/39\/revisions\/1972"}],"wp:attachment":[{"href":"https:\/\/parafiazalesie.org\/index.php\/wp-json\/wp\/v2\/media?parent=39"}],"curies":[{"name":"wp","href":"https:\/\/api.w.org\/{rel}","templated":true}]}}