{"id":37,"date":"2021-03-28T15:23:43","date_gmt":"2021-03-28T13:23:43","guid":{"rendered":"http:\/\/parafiazalesie.org\/?page_id=37"},"modified":"2021-09-09T15:53:03","modified_gmt":"2021-09-09T13:53:03","slug":"kancelaria","status":"publish","type":"page","link":"https:\/\/parafiazalesie.org\/index.php\/kancelaria\/","title":{"rendered":"Kancelaria"},"content":{"rendered":"\r\n<p><strong>Kancelaria Parafialna czynna od poniedzia\u0142ku do pi\u0105tku w godzinach od 16.45 \u2013 17.30.<\/strong><\/p>\r\n\r\n\r\n<p><strong>W pierwsze pi\u0105tki miesi\u0105ca oraz w \u015bwi\u0119ta kancelaria nieczynna.<\/strong><\/p>\r\n\r\n","protected":false},"excerpt":{"rendered":"<p>Kancelaria Parafialna czynna od poniedzia\u0142ku do pi\u0105tku w godzinach od 16.45 \u2013 17.30. W pierwsze pi\u0105tki miesi\u0105ca oraz w \u015bwi\u0119ta kancelaria nieczynna.<\/p>\n","protected":false},"author":1,"featured_media":0,"parent":0,"menu_order":0,"comment_status":"closed","ping_status":"closed","template":"","meta":{"ngg_post_thumbnail":0,"footnotes":""},"class_list":["post-37","page","type-page","status-publish","hentry"],"_links":{"self":[{"href":"https:\/\/parafiazalesie.org\/index.php\/wp-json\/wp\/v2\/pages\/37","targetHints":{"allow":["GET"]}}],"collection":[{"href":"https:\/\/parafiazalesie.org\/index.php\/wp-json\/wp\/v2\/pages"}],"about":[{"href":"https:\/\/parafiazalesie.org\/index.php\/wp-json\/wp\/v2\/types\/page"}],"author":[{"embeddable":true,"href":"https:\/\/parafiazalesie.org\/index.php\/wp-json\/wp\/v2\/users\/1"}],"replies":[{"embeddable":true,"href":"https:\/\/parafiazalesie.org\/index.php\/wp-json\/wp\/v2\/comments?post=37"}],"version-history":[{"count":0,"href":"https:\/\/parafiazalesie.org\/index.php\/wp-json\/wp\/v2\/pages\/37\/revisions"}],"wp:attachment":[{"href":"https:\/\/parafiazalesie.org\/index.php\/wp-json\/wp\/v2\/media?parent=37"}],"curies":[{"name":"wp","href":"https:\/\/api.w.org\/{rel}","templated":true}]}}