{"id":34,"date":"2021-03-28T15:22:59","date_gmt":"2021-03-28T13:22:59","guid":{"rendered":"http:\/\/parafiazalesie.org\/?page_id=34"},"modified":"2021-03-28T15:22:59","modified_gmt":"2021-03-28T13:22:59","slug":"historia","status":"publish","type":"page","link":"https:\/\/parafiazalesie.org\/index.php\/historia\/","title":{"rendered":"Historia"},"content":{"rendered":"\r\n<p style=\"text-align: justify;\"><img loading=\"lazy\" decoding=\"async\" class=\"size-full wp-image-35 alignright\" src=\"https:\/\/parafiazalesie.org\/wp-content\/uploads\/2021\/03\/DSC_0242-300x201-1.jpg\" alt=\"\" width=\"300\" height=\"201\" \/>Parafia rzymsko-katolicka w Zalesiu powsta\u0142a po II wojnie \u015bwiatowej. Wcze\u015bniej Zalesie nale\u017ca\u0142o do parafii w S\u0142ocinie i by\u0142o najstarsz\u0105 cz\u0119\u015bci\u0105 zamieszka\u0142\u0105 w\u00a0parafii, gdy\u017c w Zalesiu odkopano cmentarzysko z okresu rzymskiego, a tak\u017ce wcze\u015bniejsze \u015blady osadnictwa z epoki br\u0105zu kultury \u0142u\u017cyckiej, z lat 1300 &#8211; 1100 przed Chrystusem. Pod koniec XV w. prawdopodobnie dziedzic Stanis\u0142aw Pilecki osadzi\u0142 w Zalesiu, Bia\u0142ej i Matys\u00f3wce Rusin\u00f3w z prawos\u0142awnym popem. W wyniku Unii Brzeskiej (1595-1596) diecezja ruska w Przemy\u015blu przesz\u0142a z prawos\u0142awia do Ko\u015bcio\u0142a grecko-katolickiego formalnie w 1681 r., a oficjalnie w 1691 r. Tym samym istniej\u0105ca w Zalesiu parafia prawos\u0142awna sta\u0142a si\u0119 parafi\u0105 greko-katolick\u0105 pod wezwaniem Wniebowzi\u0119cia NMP. Cerkiew parafialna grecko-katolicka w Zalesiu przetrwa\u0142a do 1945 r., kiedy to przesiedlono 55 rodzin unickich z ks. proboszczem Aleksandrem Holink\u0105 do Bi\u0142ki ko\u0142o Lwowa, a pozostali greko-katolicy przyj\u0119li obrz\u0105dek \u0142aci\u0144ski. Z pocz\u0105tkiem 1946 r. Kuria Biskupia w Przemy\u015blu obrz\u0105dku \u0142aci\u0144skiego zamieni\u0142a opuszczon\u0105 cerkiew na ko\u015bci\u00f3\u0142 filialny, a dekretem z dnia 30.04.1946 r. ustanowi\u0142a w Zalesiu wikariat eksponowany parafii S\u0142ocina. Tak powsta\u0142a nowa parafia z Zalesia i Bia\u0142ej. W 1963 r. Kuria Biskupia w Przemy\u015blu przy\u0142\u0105czy\u0142a do Zalesia \u0141any Matysowskie, a w 1978 r. Matys\u00f3wk\u0119 z zaleceniem, rozpocz\u0119cia budowy punktu katechetycznego, a p\u00f3\u017aniej i kaplicy. W 1982 r. bp Ignacy Tokarczuk erygowa\u0142 parafi\u0119 w Matys\u00f3wce, a w 1983 r. w Bia\u0142ej. W 1975 r. Zalesie zosta\u0142o w\u0142\u0105czone do Rzeszowa. W tym samym roku bp Ignacy Tokarczuk erygowa\u0142 parafi\u0119 Naj\u015bwi\u0119tszego Serca Pana Jezusa (obecna katedra) na Zaleskich polach. Pierwszym proboszczem w Zalesiu zosta\u0142 ks. J\u00f3zef Sowi\u0144ski, katecheta ze Lwowa, kt\u00f3ry przystosowa\u0142 cerkiew do obrz\u0105dku \u0142aci\u0144skiego i dokona\u0142 zintegrowania nowej parafii. W ko\u015bciele w Zalesiu znajduje si\u0119 pi\u0119kny obraz Matki Bo\u017cej w typie Hodegetrii, trzymaj\u0105cej na kolanach Dzieci\u0105tko. Jest to \u0142askami s\u0142yn\u0105cy obraz Matki Bo\u017cej Zaleskiej pochodz\u0105cy prawdopodobnie z XVII lub XVIII w.<\/p>\r\n","protected":false},"excerpt":{"rendered":"<p>Parafia rzymsko-katolicka w Zalesiu powsta\u0142a po II wojnie \u015bwiatowej. Wcze\u015bniej Zalesie nale\u017ca\u0142o do parafii w S\u0142ocinie i by\u0142o najstarsz\u0105 cz\u0119\u015bci\u0105 zamieszka\u0142\u0105 w\u00a0parafii, gdy\u017c w Zalesiu odkopano cmentarzysko z okresu rzymskiego, a tak\u017ce wcze\u015bniejsze \u015blady osadnictwa z epoki br\u0105zu kultury \u0142u\u017cyckiej, z lat 1300 &#8211; 1100 przed Chrystusem. Pod koniec XV w. prawdopodobnie dziedzic Stanis\u0142aw Pilecki <a class=\"read-more\" href=\"https:\/\/parafiazalesie.org\/index.php\/historia\/\"><\/p>\n<p>Zobacz wi\u0119cej<\/a><\/p>\n","protected":false},"author":1,"featured_media":0,"parent":0,"menu_order":0,"comment_status":"closed","ping_status":"closed","template":"","meta":{"ngg_post_thumbnail":0,"footnotes":""},"class_list":["post-34","page","type-page","status-publish","hentry"],"_links":{"self":[{"href":"https:\/\/parafiazalesie.org\/index.php\/wp-json\/wp\/v2\/pages\/34","targetHints":{"allow":["GET"]}}],"collection":[{"href":"https:\/\/parafiazalesie.org\/index.php\/wp-json\/wp\/v2\/pages"}],"about":[{"href":"https:\/\/parafiazalesie.org\/index.php\/wp-json\/wp\/v2\/types\/page"}],"author":[{"embeddable":true,"href":"https:\/\/parafiazalesie.org\/index.php\/wp-json\/wp\/v2\/users\/1"}],"replies":[{"embeddable":true,"href":"https:\/\/parafiazalesie.org\/index.php\/wp-json\/wp\/v2\/comments?post=34"}],"version-history":[{"count":0,"href":"https:\/\/parafiazalesie.org\/index.php\/wp-json\/wp\/v2\/pages\/34\/revisions"}],"wp:attachment":[{"href":"https:\/\/parafiazalesie.org\/index.php\/wp-json\/wp\/v2\/media?parent=34"}],"curies":[{"name":"wp","href":"https:\/\/api.w.org\/{rel}","templated":true}]}}