{"id":28,"date":"2021-03-28T15:18:22","date_gmt":"2021-03-28T13:18:22","guid":{"rendered":"http:\/\/parafiazalesie.org\/?page_id=28"},"modified":"2025-12-02T17:01:48","modified_gmt":"2025-12-02T16:01:48","slug":"chrzest","status":"publish","type":"page","link":"https:\/\/parafiazalesie.org\/index.php\/chrzest\/","title":{"rendered":"Chrzest"},"content":{"rendered":"\r\n<h3 style=\"text-align: justify;\">Terminy Chrztu:<\/h3>\r\n<p style=\"text-align: justify;\">Udzielamy chrztu dzieciom zasadniczo w <strong>2. niedziel\u0119 ka\u017cdego miesi\u0105ca<\/strong> podczas Mszy \u015bw. o godzinie <strong>10:30<\/strong>.<\/p>\r\n<h3 style=\"text-align: justify;\">Potrzebne informacje:<\/h3>\r\n<ul>\r\n\t<li style=\"text-align: justify;\">Chrzest dziecka nale\u017cy zg\u0142osi\u0107 odpowiednio wcze\u015bniej, okazuj\u0105c w kancelarii parafialnej <strong>akt urodzenia dziecka<\/strong>, wydany przez USC.<\/li>\r\n\t<li style=\"text-align: justify;\">data i miejsce urodzenia rodzic\u00f3w dziecka oraz imiona ich rodzic\u00f3w z uwzgl\u0119dnieniem nazwiska panie\u0144skiego matek<\/li>\r\n\t<li style=\"text-align: justify;\">adres zamieszkania rodzic\u00f3w dziecka<\/li>\r\n\t<li style=\"text-align: justify;\">data i miejsce zawartego sakramentu ma\u0142\u017ce\u0144stwa (\u015blubu ko\u015bcielnego) rodzic\u00f3w dziecka<\/li>\r\n\t<li style=\"text-align: justify;\">imi\u0119, nazwisko, data urodzenia i adres zamieszkania matki i ojca chrzestnego<\/li>\r\n<\/ul>\r\n<h3>Pouczenie chrzcielne:<\/h3>\r\n<p>wg ustalenia<\/p>\r\n<h3 style=\"text-align: justify;\">Zadania rodzic\u00f3w chrzestnych:<\/h3>\r\n<p style=\"text-align: justify;\">Chrzestny jest por\u0119czycielem oraz pomocnikiem przyjmuj\u0105cego chrzest. Jako przedstawiciel rodziny ochrzczonego i Ko\u015bcio\u0142a, ma wspiera\u0107 rodzic\u00f3w w ich trosce o to, by dziecko ochrzczone dosz\u0142o do wyznawania wiary i wyra\u017ca\u0142o j\u0105 \u017cyciem. Doros\u0142emu, chrzestny ma pomaga\u0107 w wytrwaniu w wierze i \u017cyciu chrze\u015bcija\u0144skim. W czasie obrz\u0119d\u00f3w chrztu wyznaje razem z rodzicami wiar\u0119, w kt\u00f3rej dziecko otrzymuje chrzest a przy chrzcie doros\u0142ego po\u015bwiadcza jego wiar\u0119. St\u0105d kandydat na chrzestnego powinien prowadzi\u0107 \u017cycie zgodne z wiar\u0105, odpowiednie do podejmowanego zadania.<\/p>\r\n<h3 style=\"text-align: justify;\">Wymagania dla rodzic\u00f3w chrzestnych:<\/h3>\r\n<ul>\r\n\t<li style=\"text-align: justify;\">&nbsp;uko\u0144czone 16 lat \u017cycia,<\/li>\r\n\t<li style=\"text-align: justify;\">bycie katolikiem wierz\u0105cym i praktykuj\u0105cym, co potwierdza odpowiednie za\u015bwiadczenie ks. proboszcza parafii, z kt\u00f3rej chrzestny pochodzi,<\/li>\r\n\t<li style=\"text-align: justify;\">&nbsp;przyj\u0119cie sakrament bierzmowania,<\/li>\r\n\t<li style=\"text-align: justify;\">rodzic chrzestny nie mo\u017ce by\u0107 ojcem lub matk\u0105 przyjmuj\u0105cego chrzest.<\/li>\r\n<\/ul>\r\n<h3>Czym jest chrzest?<\/h3>\r\n<p style=\"text-align: justify;\"><strong>&#8222;Chrzci\u0107&#8221; oznacza zanurza\u0107 w wodzie<\/strong>. Kto jest ochrzczony, zostaje zanurzony w \u015bmierci Chrystusa, z kt\u00f3rej powstaje przez zmartwychwstanie z Nim jako &#8222;nowe stworzenie&#8221; (2Kor 5,17). Okre\u015blany jest tak\u017ce jako &#8222;obmycie odradzaj\u0105ce i odnawiaj\u0105ce w Duchu \u015awi\u0119tym&#8221; (Tt 3,5) i &#8222;o\u015bwiecenie&#8221;, poniewa\u017c ochrzczony staje si\u0119 &#8222;synem \u015bwiat\u0142o\u015bci&#8221; (Ef 5,8).<\/p>\r\n<p style=\"text-align: justify;\">Po swoim zmartwychwstaniu <strong>Jezus da\u0142 Aposto\u0142om nakaz<\/strong>: &#8222;Id\u017acie wi\u0119c i nauczajcie wszystkie narody, udzielaj\u0105c im chrztu w imi\u0119 Ojca i Syna i Ducha \u015awi\u0119tego&#8221; (Mt 28,19-20). Ko\u015bci\u00f3\u0142 podejmuje to zadanie od dnia Pi\u0119\u0107dziesi\u0105tnicy (Zes\u0142ania Ducha \u015awi\u0119tego), udzielaj\u0105c chrztu wierz\u0105cym w Jezusa Chrystusa. Istotny obrz\u0119d tego sakramentu polega na polaniu g\u0142owy kandydata wod\u0105 lub zanurzeniu go w wodzie z r\u00f3wnoczesnym wezwaniem Tr\u00f3jcy \u015awi\u0119tej. (j.w.)<\/p>\r\n<p style=\"text-align: justify;\">Dzieci, rodz\u0105c si\u0119 ze ska\u017con\u0105<strong> grzechem pierworodnym<\/strong> natur\u0105, potrzebuj\u0105 nowego narodzenia w chrzcie, aby zosta\u0142y wyzwolone z mocy ciemno\u015bci i przeniesione do Kr\u00f3lestwa wolno\u015bci dzieci Bo\u017cych.<\/p>\r\n<p style=\"text-align: justify;\">Od ka\u017cdego przyjmuj\u0105cego chrzest \u017c\u0105da si\u0119 <strong>wyznania wiary<\/strong>, wypowiedzianego osobi\u015bcie w przypadku osoby doros\u0142ej, lub przez rodzic\u00f3w i Ko\u015bci\u00f3\u0142 w przypadku dziecka. Rodzice chrzestni i ca\u0142a wsp\u00f3lnota ko\u015bcielna r\u00f3wnie\u017c ponosz\u0105 cz\u0119\u015bciowo odpowiedzialno\u015b\u0107 za przygotowanie do chrztu jak i za rozw\u00f3j wiary i zachowanie \u0142aski otrzymanej na chrzcie.<\/p>\r\n<p style=\"text-align: justify;\"><strong>Chrzest jest konieczny do zbawienia<\/strong> dla tych, kt\u00f3rym by\u0142a g\u0142oszona Ewangelia i kt\u00f3rzy mieli mo\u017cliwo\u015b\u0107 proszenia o ten sakrament. Poniewa\u017c Chrystus umar\u0142 dla zbawienia wszystkich, mog\u0105 by\u0107 zbawieni, chocia\u017c nie przyj\u0119li chrztu, ci, kt\u00f3rzy ponosz\u0105 \u015bmier\u0107 z powodu wiary (chrzest krwi), katechumeni i wszyscy ludzie, kt\u00f3rzy pod wp\u0142ywem \u0142aski, nie znaj\u0105c Chrystusa i Ko\u015bcio\u0142a, szczerze szukaj\u0105 Boga i staraj\u0105 si\u0119 pe\u0142ni\u0107 Jego wol\u0119 (chrzest pragnienia). Je\u015bli chodzi o dzieci zmar\u0142e bez chrztu, Ko\u015bci\u00f3\u0142 w swojej liturgii mo\u017ce tylko poleca\u0107 je Bo\u017cemu Mi\u0142osierdziu.<\/p>\r\n<p style=\"text-align: justify;\"><strong>Chrzest odpuszcza grzech pierworodny<\/strong>, wszystkie grzechy osobiste, a tak\u017ce&nbsp; wszelkie kary za grzech; przez \u0142ask\u0119 u\u015bwi\u0119caj\u0105c\u0105, \u0142ask\u0119 usprawiedliwienia daje uczestnictwo w Boskim \u017cyciu Tr\u00f3jcy \u015awi\u0119tej, jednocz\u0105c z Chrystusem i w\u0142\u0105czaj\u0105c w Jego Ko\u015bci\u00f3\u0142; daje uczestnictwo w kap\u0142a\u0144stwie Chrystusa i stanowi podstaw\u0119 wsp\u00f3lnoty mi\u0119dzy wszystkimi chrze\u015bcijanami; obdarowuje cnotami teologalnymi i darami Ducha \u015awi\u0119tego. <strong>Ochrzczony przynale\u017cy na zawsze do Chrystusa<\/strong>: zostaje opiecz\u0119towany niezatartym duchowym znamieniem (charakterem).<\/p>\r\n<h3 style=\"text-align: justify;\">Wyb\u00f3r imienia:<\/h3>\r\n<p style=\"text-align: justify;\">Imi\u0119 jest bardzo wa\u017cne, bowiem B\u00f3g wzywa ka\u017cdego po imieniu, w jego jedyno\u015bci. Podczas chrztu chrze\u015bcijanin otrzymuje swoje imi\u0119 w Ko\u015bciele; mo\u017ce to by\u0107 imi\u0119 jakiego\u015b \u015bwi\u0119tego, kt\u00f3ry b\u0119dzie dla niego wzorem \u015bwi\u0119to\u015bci oraz b\u0119dzie wstawia\u0107 si\u0119 za niego u Boga.<\/p>\r\n","protected":false},"excerpt":{"rendered":"<p>Terminy Chrztu: Udzielamy chrztu dzieciom zasadniczo w 2. niedziel\u0119 ka\u017cdego miesi\u0105ca podczas Mszy \u015bw. o godzinie 10:30. Potrzebne informacje: Chrzest dziecka nale\u017cy zg\u0142osi\u0107 odpowiednio wcze\u015bniej, okazuj\u0105c w kancelarii parafialnej akt urodzenia dziecka, wydany przez USC. data i miejsce urodzenia rodzic\u00f3w dziecka oraz imiona ich rodzic\u00f3w z uwzgl\u0119dnieniem nazwiska panie\u0144skiego matek adres zamieszkania rodzic\u00f3w dziecka data <a class=\"read-more\" href=\"https:\/\/parafiazalesie.org\/index.php\/chrzest\/\"><\/p>\n<p>Zobacz wi\u0119cej<\/a><\/p>\n","protected":false},"author":1,"featured_media":2274,"parent":0,"menu_order":0,"comment_status":"closed","ping_status":"closed","template":"","meta":{"ngg_post_thumbnail":0,"footnotes":""},"class_list":["post-28","page","type-page","status-publish","has-post-thumbnail","hentry"],"_links":{"self":[{"href":"https:\/\/parafiazalesie.org\/index.php\/wp-json\/wp\/v2\/pages\/28","targetHints":{"allow":["GET"]}}],"collection":[{"href":"https:\/\/parafiazalesie.org\/index.php\/wp-json\/wp\/v2\/pages"}],"about":[{"href":"https:\/\/parafiazalesie.org\/index.php\/wp-json\/wp\/v2\/types\/page"}],"author":[{"embeddable":true,"href":"https:\/\/parafiazalesie.org\/index.php\/wp-json\/wp\/v2\/users\/1"}],"replies":[{"embeddable":true,"href":"https:\/\/parafiazalesie.org\/index.php\/wp-json\/wp\/v2\/comments?post=28"}],"version-history":[{"count":1,"href":"https:\/\/parafiazalesie.org\/index.php\/wp-json\/wp\/v2\/pages\/28\/revisions"}],"predecessor-version":[{"id":2277,"href":"https:\/\/parafiazalesie.org\/index.php\/wp-json\/wp\/v2\/pages\/28\/revisions\/2277"}],"wp:featuredmedia":[{"embeddable":true,"href":"https:\/\/parafiazalesie.org\/index.php\/wp-json\/wp\/v2\/media\/2274"}],"wp:attachment":[{"href":"https:\/\/parafiazalesie.org\/index.php\/wp-json\/wp\/v2\/media?parent=28"}],"curies":[{"name":"wp","href":"https:\/\/api.w.org\/{rel}","templated":true}]}}