{"id":2228,"date":"2025-12-02T08:09:13","date_gmt":"2025-12-02T07:09:13","guid":{"rendered":"https:\/\/parafiazalesie.org\/index.php\/home\/"},"modified":"2025-12-02T17:04:25","modified_gmt":"2025-12-02T16:04:25","slug":"home","status":"publish","type":"page","link":"https:\/\/parafiazalesie.org\/index.php\/home\/","title":{"rendered":"Home"},"content":{"rendered":"\r\n<p>To jest strona g\u0142\u00f3wna &#8230;<\/p>\r\n<p>Powinno co\u015b to by\u0107 napisane ..<\/p>\r\n\r\n<div id=\"gtx-trans\" style=\"position: absolute; left: -15px; top: -15.4px;\">\r\n<div class=\"gtx-trans-icon\">&nbsp;<\/div>\r\n<\/div>","protected":false},"excerpt":{"rendered":"<p>To jest strona g\u0142\u00f3wna &#8230; Powinno co\u015b to by\u0107 napisane .. &nbsp;<\/p>\n","protected":false},"author":1,"featured_media":0,"parent":0,"menu_order":0,"comment_status":"closed","ping_status":"closed","template":"","meta":{"ngg_post_thumbnail":0,"footnotes":""},"class_list":["post-2228","page","type-page","status-publish","hentry"],"_links":{"self":[{"href":"https:\/\/parafiazalesie.org\/index.php\/wp-json\/wp\/v2\/pages\/2228","targetHints":{"allow":["GET"]}}],"collection":[{"href":"https:\/\/parafiazalesie.org\/index.php\/wp-json\/wp\/v2\/pages"}],"about":[{"href":"https:\/\/parafiazalesie.org\/index.php\/wp-json\/wp\/v2\/types\/page"}],"author":[{"embeddable":true,"href":"https:\/\/parafiazalesie.org\/index.php\/wp-json\/wp\/v2\/users\/1"}],"replies":[{"embeddable":true,"href":"https:\/\/parafiazalesie.org\/index.php\/wp-json\/wp\/v2\/comments?post=2228"}],"version-history":[{"count":1,"href":"https:\/\/parafiazalesie.org\/index.php\/wp-json\/wp\/v2\/pages\/2228\/revisions"}],"predecessor-version":[{"id":2278,"href":"https:\/\/parafiazalesie.org\/index.php\/wp-json\/wp\/v2\/pages\/2228\/revisions\/2278"}],"wp:attachment":[{"href":"https:\/\/parafiazalesie.org\/index.php\/wp-json\/wp\/v2\/media?parent=2228"}],"curies":[{"name":"wp","href":"https:\/\/api.w.org\/{rel}","templated":true}]}}