{"id":2096,"date":"2025-11-18T18:34:15","date_gmt":"2025-11-18T17:34:15","guid":{"rendered":"https:\/\/parafiazalesie.org\/?page_id=2096"},"modified":"2025-11-18T18:37:08","modified_gmt":"2025-11-18T17:37:08","slug":"czytanie-z-dnia","status":"publish","type":"page","link":"https:\/\/parafiazalesie.org\/index.php\/czytanie-z-dnia\/","title":{"rendered":"Czytanie z dnia"},"content":{"rendered":"<style>.daily-readings-wrapper h4.daily-readings-reading-heading {color: #1e73be;}<\/style><script> \n                        let DR_CONFIGS = {\n                            \"rite\": \"PL\",\n                            \"timeZone\": \"+1 hour\",\n                            \"targetDate\": \"20260502\",\n                            \"firstLecture\": \"First Reading\",\n                            \"psalm\": \"Psalm\",\n                            \"secondLecture\": \"Second Reading\",\n                            \"gospel\": \"Gospel\",\n                            \"noReadings\": \"No readings available\",\"hideFirstLecture\": true,\"hidePsalm\": true,\"hideSecondLecture\": true,\"hideGospel\": true}<\/script><div class=\"daily-readings-wrapper\"><br>\n                        <p class=\"daily-readings-datepicker\">\n                            <span>Select date<\/span>\n                            <input type=\"hidden\" id=\"datepicker\">\n                        <\/p><div id=\"direction-wrapper\" dir=\"ltr\" ><h3 class=\"daily-readings-date\">Uroczysto\u015b\u0107 Naj\u015bwi\u0119tszej Maryi Panny, Kr\u00f3lowej Polski, g\u0142\u00f3wnej patronki Polski<\/h3><div id=\"epistleReading\" class=\"reading-wrapper\"><\/div><div id=\"firstReading\" class=\"reading-wrapper\"><\/div><div id=\"psalmReading\" class=\"reading-wrapper\"><\/div><div id=\"secondReading\" class=\"reading-wrapper\"><\/div><div id=\"gospelReading\" class=\"reading-wrapper\"><\/div><\/div><\/div>\n<p>Najpierw wybierz dat\u0119 z kalendarza.<\/p>\n","protected":false},"excerpt":{"rendered":"<p>Najpierw wybierz dat\u0119 z kalendarza.<\/p>\n","protected":false},"author":1,"featured_media":1817,"parent":0,"menu_order":0,"comment_status":"closed","ping_status":"closed","template":"","meta":{"ngg_post_thumbnail":0,"footnotes":""},"class_list":["post-2096","page","type-page","status-publish","has-post-thumbnail","hentry"],"_links":{"self":[{"href":"https:\/\/parafiazalesie.org\/index.php\/wp-json\/wp\/v2\/pages\/2096","targetHints":{"allow":["GET"]}}],"collection":[{"href":"https:\/\/parafiazalesie.org\/index.php\/wp-json\/wp\/v2\/pages"}],"about":[{"href":"https:\/\/parafiazalesie.org\/index.php\/wp-json\/wp\/v2\/types\/page"}],"author":[{"embeddable":true,"href":"https:\/\/parafiazalesie.org\/index.php\/wp-json\/wp\/v2\/users\/1"}],"replies":[{"embeddable":true,"href":"https:\/\/parafiazalesie.org\/index.php\/wp-json\/wp\/v2\/comments?post=2096"}],"version-history":[{"count":2,"href":"https:\/\/parafiazalesie.org\/index.php\/wp-json\/wp\/v2\/pages\/2096\/revisions"}],"predecessor-version":[{"id":2098,"href":"https:\/\/parafiazalesie.org\/index.php\/wp-json\/wp\/v2\/pages\/2096\/revisions\/2098"}],"wp:featuredmedia":[{"embeddable":true,"href":"https:\/\/parafiazalesie.org\/index.php\/wp-json\/wp\/v2\/media\/1817"}],"wp:attachment":[{"href":"https:\/\/parafiazalesie.org\/index.php\/wp-json\/wp\/v2\/media?parent=2096"}],"curies":[{"name":"wp","href":"https:\/\/api.w.org\/{rel}","templated":true}]}}